{"id":223,"date":"2026-01-10T09:58:47","date_gmt":"2026-01-10T07:58:47","guid":{"rendered":"https:\/\/meteopatras.eu\/new\/?page_id=223"},"modified":"2026-01-11T17:29:45","modified_gmt":"2026-01-11T15:29:45","slug":"climat","status":"publish","type":"page","link":"https:\/\/meteopatras.eu\/new\/fr\/%ce%ba%ce%bb%ce%af%ce%bc%ce%b1\/","title":{"rendered":"Climat"},"content":{"rendered":"<div class=\"mp-climate\" id=\"mp-climate\">\n  <style>\n    \/* Scoped styles ONLY for this block *\/\n    .mp-climate{\n      max-width: var(--wp--style--global--content-size, 980px);\n      margin: 0 auto;\n      padding: var(--wp--preset--spacing--40, 18px);\n    }\n\n    .mp-climate :where(h2,h3){ scroll-margin-top: 90px; }\n    .mp-climate p{ margin: 0 0 14px; }\n    .mp-climate ul{ margin: 10px 0 14px 20px; }\n    .mp-climate li{ margin: 6px 0; }\n\n    \/* Soft cards that work in light\/dark (use currentColor mix when supported) *\/\n    .mp-climate .card{\n      border: 1px solid rgba(0,0,0,.12);\n      border-radius: 16px;\n      padding: 16px;\n      background: rgba(0,0,0,.02);\n    }\n    @supports (color: color-mix(in srgb, currentColor 50%, transparent)) {\n      .mp-climate .card{\n        border-color: color-mix(in srgb, currentColor 16%, transparent);\n        background: color-mix(in srgb, currentColor 4%, transparent);\n      }\n    }\n\n    .mp-climate .hero{\n      padding: 18px;\n      border-radius: 16px;\n      border: 1px solid rgba(0,0,0,.12);\n      background: rgba(0,0,0,.02);\n      margin-bottom: 14px;\n    }\n    @supports (color: color-mix(in srgb, currentColor 50%, transparent)) {\n      .mp-climate .hero{\n        border-color: color-mix(in srgb, currentColor 16%, transparent);\n        background: color-mix(in srgb, currentColor 4%, transparent);\n      }\n    }\n\n    .mp-climate .kicker{\n      font-size: 13px;\n      opacity: .75;\n      margin: 0 0 8px;\n    }\n\n    .mp-climate .grid{\n      display: grid;\n      grid-template-columns: 1.25fr .75fr;\n      gap: 14px;\n      margin: 14px 0;\n    }\n    @media (max-width: 860px){\n      .mp-climate .grid{ grid-template-columns: 1fr; }\n    }\n\n    .mp-climate .toc{\n      display: flex;\n      flex-wrap: wrap;\n      gap: 8px;\n      margin: 12px 0 0;\n    }\n    .mp-climate .toc a{\n      display: inline-block;\n      padding: 7px 12px;\n      border-radius: 999px;\n      text-decoration: none;\n      border: 1px solid rgba(0,0,0,.12);\n      background: rgba(255,255,255,.45);\n    }\n    @supports (color: color-mix(in srgb, currentColor 50%, transparent)) {\n      .mp-climate .toc a{\n        border-color: color-mix(in srgb, currentColor 16%, transparent);\n        background: color-mix(in srgb, currentColor 5%, transparent);\n      }\n      .mp-climate .toc a:hover{\n        background: color-mix(in srgb, currentColor 8%, transparent);\n      }\n    }\n\n    .mp-climate .callout{\n      border-left: 5px solid rgba(0,0,0,.45);\n      padding: 12px 14px;\n      border-radius: 12px;\n      background: rgba(0,0,0,.03);\n      margin: 14px 0;\n    }\n    @supports (color: color-mix(in srgb, currentColor 50%, transparent)) {\n      .mp-climate .callout{\n        border-left-color: color-mix(in srgb, currentColor 45%, transparent);\n        background: color-mix(in srgb, currentColor 4%, transparent);\n      }\n    }\n\n    .mp-climate figure{\n      margin: 14px 0;\n      border-radius: 16px;\n      overflow: hidden;\n      border: 1px solid rgba(0,0,0,.12);\n      background: rgba(0,0,0,.02);\n    }\n    @supports (color: color-mix(in srgb, currentColor 50%, transparent)) {\n      .mp-climate figure{\n        border-color: color-mix(in srgb, currentColor 16%, transparent);\n        background: color-mix(in srgb, currentColor 4%, transparent);\n      }\n    }\n    .mp-climate img{\n      display: block;\n      width: 100%;\n      height: auto;\n    }\n    .mp-climate figcaption{\n      font-size: 13px;\n      opacity: .85;\n      padding: 10px 12px;\n      background: rgba(0,0,0,.02);\n    }\n    @supports (color: color-mix(in srgb, currentColor 50%, transparent)) {\n      .mp-climate figcaption{\n        background: color-mix(in srgb, currentColor 3%, transparent);\n      }\n    }\n\n    .mp-climate .divider{\n      height: 1px;\n      background: rgba(0,0,0,.12);\n      margin: 18px 0;\n    }\n    @supports (color: color-mix(in srgb, currentColor 50%, transparent)) {\n      .mp-climate .divider{\n        background: color-mix(in srgb, currentColor 16%, transparent);\n      }\n    }\n\n    .mp-climate .two{\n      display: grid;\n      grid-template-columns: 1fr 1fr;\n      gap: 14px;\n    }\n    @media (max-width: 860px){\n      .mp-climate .two{ grid-template-columns: 1fr; }\n    }\n\n    .mp-climate .video{\n      border-radius: 16px;\n      overflow: hidden;\n      border: 1px solid rgba(0,0,0,.12);\n      background: #000;\n    }\n    .mp-climate .ratio{\n      position: relative;\n      width: 100%;\n      padding-top: 56.25%;\n    }\n    .mp-climate iframe{\n      position: absolute;\n      inset: 0;\n      width: 100%;\n      height: 100%;\n      border: 0;\n    }\n\n    .mp-climate .mini{\n      font-size: 13px;\n      opacity: .8;\n      margin-top: 8px;\n    }\n  <\/style>\n\n  <section class=\"hero\" aria-label=\"Introduction\">\n    <p class=\"kicker\">meteopatras.eu - Section : Climat (Gr\u00e8ce)<\/p>\n    <h2>Climat et changement climatique en Gr\u00e8ce<\/h2>\n    <p>\n      Le <strong>Climat<\/strong> est l\u00ab\u00bbimage \u00e0 long terme\" du temps (sur plusieurs d\u00e9cennies).\n      \u0397 <strong>le changement climatique<\/strong> est le changement progressif de cette image.\n      En Gr\u00e8ce et dans la r\u00e9gion m\u00e9diterran\u00e9enne en g\u00e9n\u00e9ral, les principales questions qui nous pr\u00e9occupent sont les suivantes :\n      <strong>plus de chaleur<\/strong>, <strong>s\u00e9cheresse<\/strong>, <strong>risque accru d'incendie<\/strong>,\n      mais aussi <strong>\u00e9pisodes de fortes pluies\/inondations<\/strong> dans certains cas.\n    <\/p>\n\n    <nav class=\"toc\" aria-label=\"Contenu\">\n      <a href=\"#klima\">Qu'est-ce que le climat ?<\/a>\n      <a href=\"#allagi\">Qu'est-ce que le changement climatique ?<\/a>\n      <a href=\"#20xronia\">Les 20 derni\u00e8res ann\u00e9es<\/a>\n      <a href=\"#ellada\">Ce que cela signifie pour la Gr\u00e8ce<\/a>\n      <a href=\"#praxeis\">Ce que nous pouvons faire<\/a>\n      <a href=\"#piges\">Sources d'information<\/a>\n    <\/nav>\n  <\/section>\n\n  <div class=\"grid\">\n    <section class=\"card\" id=\"klima\">\n      <h3>Qu'est-ce que le \u00abclimat\u00bb ?;<\/h3>\n      <p>\n        \u039f <strong>m\u00e9t\u00e9o<\/strong> est ce que nous vivons aujourd'hui\/demain (pluie, vent, temp\u00e9rature).\n        Les <strong>Climat<\/strong> est le \u00abmod\u00e8le\u00bb des conditions m\u00e9t\u00e9orologiques en <strong>d\u00e9cennies<\/strong>:\n        moyennes, variances et valeurs aberrantes.\n      <\/p>\n\n      <div class=\"callout\">\n        <strong>Exemple :<\/strong> une vague de chaleur est un \u00abph\u00e9nom\u00e8ne m\u00e9t\u00e9orologique\u00bb.\n        Mais si les vagues de chaleur deviennent <strong>le plus fr\u00e9quent<\/strong> \u03ae <strong>plus intense<\/strong> pendant de nombreuses ann\u00e9es,\n        nous parlons alors d'un changement dans la <strong>Climat<\/strong>.\n      <\/div>\n\n      <p>Le climat est d\u00e9crit par des indicateurs tels que<\/p>\n      <ul>\n        <li><strong>Temp\u00e9rature<\/strong> (moyennes, maximum\/minimum, vagues de chaleur)<\/li>\n        <li><strong>Pr\u00e9cipitations<\/strong> (ensembles, saisonnalit\u00e9, temp\u00eates intenses)<\/li>\n        <li><strong>S\u00e9cheresse<\/strong> (dur\u00e9e des p\u00e9riodes de s\u00e9cheresse, ressources en eau)<\/li>\n        <li><strong>Temp\u00e9rature de la mer<\/strong> et <strong>niveau de la mer<\/strong><\/li>\n      <\/ul>\n    <\/section>\n\n    <aside class=\"card\" id=\"allagi\">\n      <h3>Qu'est-ce que le \u00abchangement climatique\u00bb ?;<\/h3>\n      <p>\n        Le changement climatique moderne est principalement li\u00e9 \u00e0 l'augmentation du nombre d'\u00e9missions de gaz \u00e0 effet de serre. <strong>gaz \u00e0 effet de serre<\/strong>\n        (CO<sub>2<\/sub>, CH<sub>4<\/sub> etc.) dues aux activit\u00e9s humaines, qui augmentent la \u00abr\u00e9tention\u00bb de la chaleur\n        dans le syst\u00e8me Terre-atmosph\u00e8re-oc\u00e9an.\n      <\/p>\n\n      <div class=\"callout\">\n        <strong>Notes :<\/strong> il existe des variations naturelles (par exemple El Ni\u00f1o\/La Ni\u00f1a),\n        mais les <strong>tendance \u00e0 long terme<\/strong> de chauffage reste.\n      <\/div>\n\n      <p class=\"mini\">\n        Le r\u00e9sum\u00e9 scientifique global est pr\u00e9sent\u00e9 de mani\u00e8re statique dans les rapports du GIEC.\n      <\/p>\n    <\/aside>\n  <\/div>\n\n  <figure>\n    <img decoding=\"async\" loading=\"lazy\"\n         src=\"https:\/\/svs.gsfc.nasa.gov\/vis\/a000000\/a004900\/a004962\/CO2_KeelingCurve_Dec2021_1920x1080.png\"\n         alt=\"Courbe de Keeling : augmentation du CO2 dans l&#039;atmosph\u00e8re (Mauna Loa, 1958-2021)\">\n    <figcaption>\n      <strong>CO\u2082 (courbe de Keeling).<\/strong> Augmentation \u00e0 long terme du CO\u2082 dans l'atmosph\u00e8re. Source\/Image.\n    <\/figcaption>\n  <\/figure>\n\n  <div class=\"divider\" role=\"separator\" aria-hidden=\"true\"><\/div>\n\n  <section class=\"card\" id=\"20xronia\">\n    <h3>Ce qui a chang\u00e9 au cours des 20 derni\u00e8res ann\u00e9es<\/h3>\n    <p>\n      Au cours des 20 derni\u00e8res ann\u00e9es, le changement climatique est devenu plus \u00abvisible\u00bb gr\u00e2ce \u00e0 des ann\u00e9es chaudes successives,\n      l'augmentation de la chaleur dans les oc\u00e9ans et la pression accrue exerc\u00e9e par les \u00e9v\u00e9nements extr\u00eames.\n    <\/p>\n\n    <ul>\n      <li>\n        <strong>Temp\u00e9ratures record :<\/strong> L'Organisation m\u00e9t\u00e9orologique mondiale (OMM) confirme que le <strong>2024<\/strong>\n        a \u00e9t\u00e9 l'ann\u00e9e la plus chaude de l'histoire moderne et pr\u00e8s de <strong>1,55\u00b0C<\/strong> sur la p\u00e9riode pr\u00e9industrielle (1850-1900).\n      <\/li>\n      <li>\n        <strong>La mer monte :<\/strong> Les mesures par satellite montrent une augmentation continue du niveau moyen de la mer\n        (1993-2024), ce qui est critique pour les zones c\u00f4ti\u00e8res.\n      <\/li>\n      <li>\n        <strong>M\u00e9diterran\u00e9e :<\/strong> La M\u00e9diterran\u00e9e est consid\u00e9r\u00e9e comme un \u00abpoint chaud\u00bb et la temp\u00e9rature de surface de la mer a tendance \u00e0 augmenter au cours des derni\u00e8res d\u00e9cennies.\n        au cours des derni\u00e8res d\u00e9cennies.\n      <\/li>\n    <\/ul>\n  <\/section>\n\n  <figure>\n    <img decoding=\"async\" loading=\"lazy\"\n         src=\"https:\/\/svs.gsfc.nasa.gov\/vis\/a000000\/a005400\/a005450\/2024GISTEMPMap_2K.png\"\n         alt=\"Carte des anomalies de temp\u00e9rature globale 1880-2024 (cadre final 2024)\">\n    <figcaption>\n      <strong>Anomalies de temp\u00e9rature globale (1880-2024).<\/strong> Cadre final : 2024. Source\/Image : NASA SVS (GISTEMP).\n    <\/figcaption>\n  <\/figure>\n\n  <figure>\n    <img decoding=\"async\" loading=\"lazy\"\n         src=\"https:\/\/d2pn8kiwq2w21t.cloudfront.net\/original_images\/jpegPIA26189.jpg\"\n         alt=\"Enregistrement satellitaire de l&#039;\u00e9l\u00e9vation du niveau de la mer 1993-2024 (NASA\/JPL)\">\n    <figcaption>\n      <strong>Hausse du niveau de la mer (1993-2024).<\/strong> Source\/Image : NASA\/JPL-Caltech.\n    <\/figcaption>\n  <\/figure>\n\n  <div class=\"divider\" role=\"separator\" aria-hidden=\"true\"><\/div>\n\n  <section class=\"card\" id=\"ellada\">\n    <h3>Ce que cela signifie en pratique pour la Gr\u00e8ce<\/h3>\n    <p>\n      La Gr\u00e8ce est affect\u00e9e par les tendances de la M\u00e9diterran\u00e9e au sens large. Sur le plan pratique, cela se traduit par :\n    <\/p>\n    <ul>\n      <li><strong>Les causes<\/strong> et une augmentation du stress thermique (en particulier dans les zones urbaines).<\/li>\n      <li><strong>S\u00e9cheresse<\/strong> et la pression sur les ressources en eau, en particulier apr\u00e8s des p\u00e9riodes de s\u00e9cheresse prolong\u00e9es.<\/li>\n      <li><strong>Incendies<\/strong>Le risque augmente lorsque la chaleur, la s\u00e9cheresse et le vent sont combin\u00e9s.<\/li>\n      <li><strong>Fortes pluies\/inondations<\/strong> dans certains \u00e9pisodes, notamment lorsque la s\u00e9cheresse s'installe.<\/li>\n      <li><strong>Impacts sur les c\u00f4tes<\/strong> (\u00e9rosion\/inondation) \u00e0 mesure que le niveau de la mer s'\u00e9l\u00e8ve.<\/li>\n    <\/ul>\n\n    <div class=\"callout\">\n      <strong>Le changement climatique agit souvent comme un \u201cmultiplicateur de risques\u201d :<\/strong>\n      ne \u00abcr\u00e9e\u00bb pas toujours un ph\u00e9nom\u00e8ne \u00e0 partir de rien, mais peut le rendre plus probable ou plus intense.\n    <\/div>\n  <\/section>\n\n  <figure>\n    <img decoding=\"async\" loading=\"lazy\"\n         src=\"https:\/\/www.esa.int\/var\/esa\/storage\/images\/esa_multimedia\/images\/2023\/08\/wildfires_continue_to_rage_in_greece\/25057358-1-eng-GB\/Wildfires_continue_to_rage_in_Greece.jpg\"\n         alt=\"Copernicus Sentinel-2 : incendie pr\u00e8s d&#039;Alexandroupolis (Evros), ao\u00fbt 2023 (ESA)\">\n    <figcaption>\n      <strong>Exemple de la Gr\u00e8ce (satellite).<\/strong> Copernicus Sentinel-2, incendie pr\u00e8s d'Alexandroupolis (Evros), ao\u00fbt 2023.\n      Source\/Image.\n    <\/figcaption>\n  <\/figure>\n\n  <div class=\"divider\" role=\"separator\" aria-hidden=\"true\"><\/div>\n\n  <section class=\"card\" aria-label=\"Vid\u00e9o\">\n    <h3>Vid\u00e9o (pour une image rapide)<\/h3>\n    <p class=\"mini\">\n      Si les vid\u00e9os ne s'affichent pas, quelque chose bloque probablement les iframes (rare). Dans ce cas, utilisez les liens dans les Ressources ci-dessous.\n    <\/p>\n\n    <div class=\"two\" style=\"margin-top:12px\">\n      <div>\n        <div class=\"video\">\n          <div class=\"ratio\">\n            <iframe\n              src=\"https:\/\/www.youtube-nocookie.com\/embed\/T9CeECpxtx8\"\n              title=\"GIEC - Changements climatiques 2023 : Rapport de synth\u00e8se (Trailer)\"\n              loading=\"lazy\"\n              allow=\"accelerometer; autoplay; clipboard-write; encrypted-media; gyroscope; picture-in-picture; web-share\"\n              allowfullscreen><\/iframe>\n          <\/div>\n        <\/div>\n        <p class=\"mini\"><strong>GIEC :<\/strong> Bande annonce du rapport de synth\u00e8se.<\/p>\n      <\/div>\n\n      <div>\n        <div class=\"video\">\n          <div class=\"ratio\">\n            <iframe\n              src=\"https:\/\/www.youtube-nocookie.com\/embed\/ApOt4agJVBM\"\n              title=\"OMM - Rapport sur l&#039;\u00e9tat du climat mondial en 2024 (vid\u00e9o)\"\n              loading=\"lazy\"\n              allow=\"accelerometer; autoplay; clipboard-write; encrypted-media; gyroscope; picture-in-picture; web-share\"\n              allowfullscreen><\/iframe>\n          <\/div>\n        <\/div>\n        <p class=\"mini\"><strong>OMM :<\/strong> \u00c9tat du climat mondial 2024 (vid\u00e9o).<\/p>\n      <\/div>\n    <\/div>\n\n    <div style=\"margin-top:14px\">\n      <div class=\"video\">\n        <div class=\"ratio\">\n          <iframe\n            src=\"https:\/\/www.youtube-nocookie.com\/embed\/FwjRTbNETZM\"\n            title=\"Copernicus - Faits marquants sur le climat mondial en 2024 (vid\u00e9o)\"\n            loading=\"lazy\"\n            allow=\"accelerometer; autoplay; clipboard-write; encrypted-media; gyroscope; picture-in-picture; web-share\"\n            allowfullscreen><\/iframe>\n        <\/div>\n      <\/div>\n      <p class=\"mini\"><strong>Copernicus (C3S\/ECMWF) :<\/strong> Faits marquants sur le climat mondial en 2024.<\/p>\n    <\/div>\n  <\/section>\n\n  <div class=\"divider\" role=\"separator\" aria-hidden=\"true\"><\/div>\n\n  <section class=\"card\" id=\"praxeis\">\n    <h3>Ce que nous pouvons faire (concr\u00e8tement)<\/h3>\n\n    <div class=\"two\" style=\"margin-top:10px\">\n      <div class=\"card\">\n        <h3 style=\"margin-top:0\">Att\u00e9nuation (r\u00e9duction des causes)<\/h3>\n        <ul>\n          <li><strong>\u00c9conomie d'\u00e9nergie<\/strong>L'isolation, les appareils \u00e9lectrom\u00e9nagers efficaces, l'utilisation correcte du chauffage et de la climatisation.<\/li>\n          <li><strong>Se d\u00e9placer<\/strong>Les transports en commun : l\u00e0 o\u00f9 c'est possible, moins de voiture, plus de transports en commun.<\/li>\n          <li><strong>Moins de d\u00e9chets<\/strong>Les activit\u00e9s de l'Union europ\u00e9enne dans le domaine de l'environnement sont les suivantes : r\u00e9parations, r\u00e9utilisation, gestion appropri\u00e9e des d\u00e9chets.<\/li>\n        <\/ul>\n      <\/div>\n\n      <div class=\"card\">\n        <h3 style=\"margin-top:0\">Adaptation (r\u00e9duction des risques)<\/h3>\n        <ul>\n          <li><strong>Temps chaud<\/strong>Les activit\u00e9s de l'UE dans le domaine de l'environnement sont les suivantes : ombre\/abri, hydratation, prise en charge des groupes vuln\u00e9rables.<\/li>\n          <li><strong>Incendies<\/strong>Les mesures \u00e0 prendre sont les suivantes : nettoyage, information, plan d'action\/\u00e9vacuation le cas \u00e9ch\u00e9ant.<\/li>\n          <li><strong>Inondations<\/strong>Les routes inond\u00e9es : \u00e9viter de traverser les routes inond\u00e9es, \u00eatre prudent dans les ruisseaux et les cours d'eau.<\/li>\n        <\/ul>\n      <\/div>\n    <\/div>\n\n    <div class=\"callout\" style=\"margin-top:14px\">\n      <strong>Objectif :<\/strong> des informations claires et des d\u00e9marches calmes et utiles.\n      La connaissance nous aide \u00e0 r\u00e9duire les risques et \u00e0 mieux nous organiser.\n    <\/div>\n  <\/section>\n\n  <section class=\"card\" id=\"piges\" style=\"margin-top:14px\">\n    <h3>Ressources \/ Plus de lecture<\/h3>\n    <ul>\n      <li><a href=\"https:\/\/www.ipcc.ch\/report\/ar6\/syr\/\" target=\"_blank\" rel=\"noopener\">GIEC - Rapport de synth\u00e8se AR6 : Changement climatique 2023<\/a><\/li>\n      <li><a href=\"https:\/\/wmo.int\/news\/media-centre\/wmo-confirms-2024-warmest-year-record-about-155degc-above-pre-industrial-level\" target=\"_blank\" rel=\"noopener\">OMM - Confirmation : 2024 ann\u00e9e la plus chaude (~1,55\u00b0C au-dessus de 1850-1900)<\/a><\/li>\n      <li><a href=\"https:\/\/climate.copernicus.eu\/global-climate-highlights-2024\" target=\"_blank\" rel=\"noopener\">Copernicus - Faits marquants sur le climat mondial en 2024<\/a><\/li>\n      <li><a href=\"https:\/\/www.eea.europa.eu\/en\/analysis\/publications\/european-climate-risk-assessment\" target=\"_blank\" rel=\"noopener\">AEE - \u00c9valuation europ\u00e9enne des risques climatiques (EUCRA)<\/a><\/li>\n      <li><a href=\"https:\/\/www.jpl.nasa.gov\/images\/pia26189-satellite-record-of-sea-level-rise-from-1993-to-2024\/\" target=\"_blank\" rel=\"noopener\">NASA\/JPL - \u00c9l\u00e9vation du niveau de la mer (1993-2024)<\/a><\/li>\n      <li><a href=\"https:\/\/marine.copernicus.eu\/access-data\/ocean-monitoring-indicators\/mediterranean-sea-surface-temperature-time-series-and-trend\" target=\"_blank\" rel=\"noopener\">Copernicus Marine - S\u00e9ries chronologiques et tendances de la TSM en M\u00e9diterran\u00e9e<\/a><\/li>\n      <li><a href=\"https:\/\/www.medecc.org\/outputs\/mar1-mainresults\/\" target=\"_blank\" rel=\"noopener\">MedECC - 1er rapport d'\u00e9valuation de la M\u00e9diterran\u00e9e (principaux r\u00e9sultats)<\/a><\/li>\n      <li><a href=\"https:\/\/svs.gsfc.nasa.gov\/4962\/\" target=\"_blank\" rel=\"noopener\">NASA SVS - CO\u2082 (courbe de Keeling)<\/a><\/li>\n      <li><a href=\"https:\/\/svs.gsfc.nasa.gov\/5450\/\" target=\"_blank\" rel=\"noopener\">NASA SVS - Anomalies de temp\u00e9rature globale (1880-2024)<\/a><\/li>\n      <li><a href=\"https:\/\/www.esa.int\/ESA_Multimedia\/Images\/2023\/08\/Wildfires_continue_to_rage_in_Greece\" target=\"_blank\" rel=\"noopener\">ESA - Les incendies de for\u00eat continuent de faire rage en Gr\u00e8ce (Sentinel-2)<\/a><\/li>\n    <\/ul>\n  <\/section>\n<\/div>","protected":false},"excerpt":{"rendered":"<p>meteopatras.eu \u2022 \u0395\u03bd\u03cc\u03c4\u03b7\u03c4\u03b1: \u039a\u03bb\u03af\u03bc\u03b1 (\u0395\u03bb\u03bb\u03ac\u03b4\u03b1) \u039a\u03bb\u03af\u03bc\u03b1 &amp; \u039a\u03bb\u03b9\u03bc\u03b1\u03c4\u03b9\u03ba\u03ae \u0391\u03bb\u03bb\u03b1\u03b3\u03ae \u03c3\u03c4\u03b7\u03bd \u0395\u03bb\u03bb\u03ac\u03b4\u03b1 \u03a4\u03bf \u03ba\u03bb\u03af\u03bc\u03b1 \u03b5\u03af\u03bd\u03b1\u03b9 \u03b7 \u00ab\u03bc\u03b1\u03ba\u03c1\u03bf\u03c7\u03c1\u03cc\u03bd\u03b9\u03b1 \u03b5\u03b9\u03ba\u03cc\u03bd\u03b1\u00bb \u03c4\u03bf\u03c5 \u03ba\u03b1\u03b9\u03c1\u03bf\u03cd (\u03c3\u03b5 \u03b2\u03ac\u03b8\u03bf\u03c2 \u03b4\u03b5\u03ba\u03b1\u03b5\u03c4\u03b9\u03ce\u03bd). \u0397 \u03ba\u03bb\u03b9\u03bc\u03b1\u03c4\u03b9\u03ba\u03ae \u03b1\u03bb\u03bb\u03b1\u03b3\u03ae \u03b5\u03af\u03bd\u03b1\u03b9 \u03b7 \u03c3\u03c4\u03b1\u03b4\u03b9\u03b1\u03ba\u03ae \u03bc\u03b5\u03c4\u03b1\u03b2\u03bf\u03bb\u03ae \u03b1\u03c5\u03c4\u03ae\u03c2 \u03c4\u03b7\u03c2 \u03b5\u03b9\u03ba\u03cc\u03bd\u03b1\u03c2. \u03a3\u03c4\u03b7\u03bd \u0395\u03bb\u03bb\u03ac\u03b4\u03b1 \u03ba\u03b1\u03b9 \u03b3\u03b5\u03bd\u03b9\u03ba\u03cc\u03c4\u03b5\u03c1\u03b1 \u03c3\u03c4\u03b7 \u039c\u03b5\u03c3\u03cc\u03b3\u03b5\u03b9\u03bf, \u03c4\u03b1 \u03b2\u03b1\u03c3\u03b9\u03ba\u03ac \u03b6\u03b7\u03c4\u03ae\u03bc\u03b1\u03c4\u03b1 \u03c0\u03bf\u03c5 \u03bc\u03b1\u03c2 \u03b1\u03c6\u03bf\u03c1\u03bf\u03cd\u03bd \u03b5\u03af\u03bd\u03b1\u03b9: \u03c0\u03b5\u03c1\u03b9\u03c3\u03c3\u03cc\u03c4\u03b5\u03c1\u03b7 \u03b6\u03ad\u03c3\u03c4\u03b7, \u03be\u03b7\u03c1\u03b1\u03c3\u03af\u03b1, \u03bc\u03b5\u03b3\u03b1\u03bb\u03cd\u03c4\u03b5\u03c1\u03bf\u03c2 \u03ba\u03af\u03bd\u03b4\u03c5\u03bd\u03bf\u03c2 \u03c0\u03c5\u03c1\u03ba\u03b1\u03b3\u03b9\u03ce\u03bd, \u03b1\u03bb\u03bb\u03ac \u03ba\u03b1\u03b9 \u03ad\u03bd\u03c4\u03bf\u03bd\u03b1 \u03b5\u03c0\u03b5\u03b9\u03c3\u03cc\u03b4\u03b9\u03b1 [&hellip;]<\/p>\n","protected":false},"author":1,"featured_media":0,"parent":0,"menu_order":0,"comment_status":"closed","ping_status":"closed","template":"","meta":{"footnotes":""},"class_list":["post-223","page","type-page","status-publish","hentry"],"_links":{"self":[{"href":"https:\/\/meteopatras.eu\/new\/fr\/wp-json\/wp\/v2\/pages\/223","targetHints":{"allow":["GET"]}}],"collection":[{"href":"https:\/\/meteopatras.eu\/new\/fr\/wp-json\/wp\/v2\/pages"}],"about":[{"href":"https:\/\/meteopatras.eu\/new\/fr\/wp-json\/wp\/v2\/types\/page"}],"author":[{"embeddable":true,"href":"https:\/\/meteopatras.eu\/new\/fr\/wp-json\/wp\/v2\/users\/1"}],"replies":[{"embeddable":true,"href":"https:\/\/meteopatras.eu\/new\/fr\/wp-json\/wp\/v2\/comments?post=223"}],"version-history":[{"count":9,"href":"https:\/\/meteopatras.eu\/new\/fr\/wp-json\/wp\/v2\/pages\/223\/revisions"}],"predecessor-version":[{"id":321,"href":"https:\/\/meteopatras.eu\/new\/fr\/wp-json\/wp\/v2\/pages\/223\/revisions\/321"}],"wp:attachment":[{"href":"https:\/\/meteopatras.eu\/new\/fr\/wp-json\/wp\/v2\/media?parent=223"}],"curies":[{"name":"wp","href":"https:\/\/api.w.org\/{rel}","templated":true}]}}