{"id":223,"date":"2026-01-10T09:58:47","date_gmt":"2026-01-10T07:58:47","guid":{"rendered":"https:\/\/meteopatras.eu\/new\/?page_id=223"},"modified":"2026-01-11T17:29:45","modified_gmt":"2026-01-11T15:29:45","slug":"clima","status":"publish","type":"page","link":"https:\/\/meteopatras.eu\/new\/es\/%ce%ba%ce%bb%ce%af%ce%bc%ce%b1\/","title":{"rendered":"Clima"},"content":{"rendered":"<div class=\"mp-climate\" id=\"mp-climate\">\n  <style>\n    \/* Scoped styles ONLY for this block *\/\n    .mp-climate{\n      max-width: var(--wp--style--global--content-size, 980px);\n      margin: 0 auto;\n      padding: var(--wp--preset--spacing--40, 18px);\n    }\n\n    .mp-climate :where(h2,h3){ scroll-margin-top: 90px; }\n    .mp-climate p{ margin: 0 0 14px; }\n    .mp-climate ul{ margin: 10px 0 14px 20px; }\n    .mp-climate li{ margin: 6px 0; }\n\n    \/* Soft cards that work in light\/dark (use currentColor mix when supported) *\/\n    .mp-climate .card{\n      border: 1px solid rgba(0,0,0,.12);\n      border-radius: 16px;\n      padding: 16px;\n      background: rgba(0,0,0,.02);\n    }\n    @supports (color: color-mix(in srgb, currentColor 50%, transparent)) {\n      .mp-climate .card{\n        border-color: color-mix(in srgb, currentColor 16%, transparent);\n        background: color-mix(in srgb, currentColor 4%, transparent);\n      }\n    }\n\n    .mp-climate .hero{\n      padding: 18px;\n      border-radius: 16px;\n      border: 1px solid rgba(0,0,0,.12);\n      background: rgba(0,0,0,.02);\n      margin-bottom: 14px;\n    }\n    @supports (color: color-mix(in srgb, currentColor 50%, transparent)) {\n      .mp-climate .hero{\n        border-color: color-mix(in srgb, currentColor 16%, transparent);\n        background: color-mix(in srgb, currentColor 4%, transparent);\n      }\n    }\n\n    .mp-climate .kicker{\n      font-size: 13px;\n      opacity: .75;\n      margin: 0 0 8px;\n    }\n\n    .mp-climate .grid{\n      display: grid;\n      grid-template-columns: 1.25fr .75fr;\n      gap: 14px;\n      margin: 14px 0;\n    }\n    @media (max-width: 860px){\n      .mp-climate .grid{ grid-template-columns: 1fr; }\n    }\n\n    .mp-climate .toc{\n      display: flex;\n      flex-wrap: wrap;\n      gap: 8px;\n      margin: 12px 0 0;\n    }\n    .mp-climate .toc a{\n      display: inline-block;\n      padding: 7px 12px;\n      border-radius: 999px;\n      text-decoration: none;\n      border: 1px solid rgba(0,0,0,.12);\n      background: rgba(255,255,255,.45);\n    }\n    @supports (color: color-mix(in srgb, currentColor 50%, transparent)) {\n      .mp-climate .toc a{\n        border-color: color-mix(in srgb, currentColor 16%, transparent);\n        background: color-mix(in srgb, currentColor 5%, transparent);\n      }\n      .mp-climate .toc a:hover{\n        background: color-mix(in srgb, currentColor 8%, transparent);\n      }\n    }\n\n    .mp-climate .callout{\n      border-left: 5px solid rgba(0,0,0,.45);\n      padding: 12px 14px;\n      border-radius: 12px;\n      background: rgba(0,0,0,.03);\n      margin: 14px 0;\n    }\n    @supports (color: color-mix(in srgb, currentColor 50%, transparent)) {\n      .mp-climate .callout{\n        border-left-color: color-mix(in srgb, currentColor 45%, transparent);\n        background: color-mix(in srgb, currentColor 4%, transparent);\n      }\n    }\n\n    .mp-climate figure{\n      margin: 14px 0;\n      border-radius: 16px;\n      overflow: hidden;\n      border: 1px solid rgba(0,0,0,.12);\n      background: rgba(0,0,0,.02);\n    }\n    @supports (color: color-mix(in srgb, currentColor 50%, transparent)) {\n      .mp-climate figure{\n        border-color: color-mix(in srgb, currentColor 16%, transparent);\n        background: color-mix(in srgb, currentColor 4%, transparent);\n      }\n    }\n    .mp-climate img{\n      display: block;\n      width: 100%;\n      height: auto;\n    }\n    .mp-climate figcaption{\n      font-size: 13px;\n      opacity: .85;\n      padding: 10px 12px;\n      background: rgba(0,0,0,.02);\n    }\n    @supports (color: color-mix(in srgb, currentColor 50%, transparent)) {\n      .mp-climate figcaption{\n        background: color-mix(in srgb, currentColor 3%, transparent);\n      }\n    }\n\n    .mp-climate .divider{\n      height: 1px;\n      background: rgba(0,0,0,.12);\n      margin: 18px 0;\n    }\n    @supports (color: color-mix(in srgb, currentColor 50%, transparent)) {\n      .mp-climate .divider{\n        background: color-mix(in srgb, currentColor 16%, transparent);\n      }\n    }\n\n    .mp-climate .two{\n      display: grid;\n      grid-template-columns: 1fr 1fr;\n      gap: 14px;\n    }\n    @media (max-width: 860px){\n      .mp-climate .two{ grid-template-columns: 1fr; }\n    }\n\n    .mp-climate .video{\n      border-radius: 16px;\n      overflow: hidden;\n      border: 1px solid rgba(0,0,0,.12);\n      background: #000;\n    }\n    .mp-climate .ratio{\n      position: relative;\n      width: 100%;\n      padding-top: 56.25%;\n    }\n    .mp-climate iframe{\n      position: absolute;\n      inset: 0;\n      width: 100%;\n      height: 100%;\n      border: 0;\n    }\n\n    .mp-climate .mini{\n      font-size: 13px;\n      opacity: .8;\n      margin-top: 8px;\n    }\n  <\/style>\n\n  <section class=\"hero\" aria-label=\"Introducci\u00f3n\">\n    <p class=\"kicker\">meteopatras.eu - Secci\u00f3n: Clima (Grecia)<\/p>\n    <h2>Clima y cambio clim\u00e1tico en Grecia<\/h2>\n    <p>\n      En <strong>Clima<\/strong> es la \u00abimagen a largo plazo\u00bb del tiempo (durante d\u00e9cadas).\n      \u0397 <strong>cambio clim\u00e1tico<\/strong> es el cambio gradual de este panorama.\n      En Grecia y en el Mediterr\u00e1neo en general, las principales cuestiones que nos preocupan son:\n      <strong>m\u00e1s calor<\/strong>, <strong>sequ\u00eda<\/strong>, <strong>mayor riesgo de incendios<\/strong>,\n      sino tambi\u00e9n <strong>episodios de lluvias torrenciales\/inundaciones<\/strong> en algunos casos.\n    <\/p>\n\n    <nav class=\"toc\" aria-label=\"Contenido\">\n      <a href=\"#klima\">Qu\u00e9 es el clima<\/a>\n      <a href=\"#allagi\">Qu\u00e9 es el cambio clim\u00e1tico<\/a>\n      <a href=\"#20xronia\">Los \u00faltimos 20 a\u00f1os<\/a>\n      <a href=\"#ellada\">Qu\u00e9 significa para Grecia<\/a>\n      <a href=\"#praxeis\">Qu\u00e9 podemos hacer<\/a>\n      <a href=\"#piges\">Fuentes<\/a>\n    <\/nav>\n  <\/section>\n\n  <div class=\"grid\">\n    <section class=\"card\" id=\"klima\">\n      <h3>\u00bfQu\u00e9 es el \u00abclima\u00bb?;<\/h3>\n      <p>\n        \u039f <strong>tiempo<\/strong> es lo que estamos viviendo hoy\/ma\u00f1ana (lluvia, viento, temperatura).\n        El <strong>Clima<\/strong> es el \u00abpatr\u00f3n\u00bb del tiempo en <strong>d\u00e9cadas<\/strong>:\n        medias, varianzas y valores at\u00edpicos.\n      <\/p>\n\n      <div class=\"callout\">\n        <strong>Ejemplo:<\/strong> una ola de calor es \u00abmeteorolog\u00eda\u00bb.\n        Pero si las olas de calor se convierten <strong>m\u00e1s frecuentes<\/strong> \u03ae <strong>m\u00e1s intenso<\/strong> durante muchos a\u00f1os,\n        entonces estamos hablando de un cambio en <strong>Clima<\/strong>.\n      <\/div>\n\n      <p>El clima se describe mediante indicadores como:<\/p>\n      <ul>\n        <li><strong>Temperatura<\/strong> (medias, m\u00e1ximas\/m\u00ednimas, olas de calor)<\/li>\n        <li><strong>Precipitaci\u00f3n<\/strong> (lances, estacionalidad, tormentas intensas)<\/li>\n        <li><strong>Sequ\u00eda<\/strong> (duraci\u00f3n de los periodos secos, recursos h\u00eddricos)<\/li>\n        <li><strong>Temperatura del mar<\/strong> y <strong>nivel del mar<\/strong><\/li>\n      <\/ul>\n    <\/section>\n\n    <aside class=\"card\" id=\"allagi\">\n      <h3>\u00bfQu\u00e9 es el \u00abcambio clim\u00e1tico\u00bb?;<\/h3>\n      <p>\n        El cambio clim\u00e1tico moderno est\u00e1 relacionado principalmente con el aumento de la <strong>gases de efecto invernadero<\/strong>\n        (CO<sub>2<\/sub>, CH<sub>4<\/sub> etc.) de las actividades humanas, que aumentan la \u00abretenci\u00f3n\u00bb de calor\n        en el sistema Tierra-atm\u00f3sfera-oc\u00e9ano.\n      <\/p>\n\n      <div class=\"callout\">\n        <strong>Notas:<\/strong> hay variaciones naturales (por ejemplo, El Ni\u00f1o\/La Ni\u00f1a),\n        pero las <strong>tendencia a largo plazo<\/strong> de restos de calefacci\u00f3n.\n      <\/div>\n\n      <p class=\"mini\">\n        El resumen cient\u00edfico global se presenta de forma est\u00e1tica en los informes del IPCC.\n      <\/p>\n    <\/aside>\n  <\/div>\n\n  <figure>\n    <img decoding=\"async\" loading=\"lazy\"\n         src=\"https:\/\/svs.gsfc.nasa.gov\/vis\/a000000\/a004900\/a004962\/CO2_KeelingCurve_Dec2021_1920x1080.png\"\n         alt=\"Curva de Keeling: aumento del CO2 en la atm\u00f3sfera (Mauna Loa, 1958-2021)\">\n    <figcaption>\n      <strong>CO\u2082 (Curva de Keeling).<\/strong> Aumento a largo plazo del CO\u2082 en la atm\u00f3sfera. Fuente\/Imagen.\n    <\/figcaption>\n  <\/figure>\n\n  <div class=\"divider\" role=\"separator\" aria-hidden=\"true\"><\/div>\n\n  <section class=\"card\" id=\"20xronia\">\n    <h3>Qu\u00e9 ha cambiado en los \u00faltimos ~20 a\u00f1os<\/h3>\n    <p>\n      En los \u00faltimos ~20 a\u00f1os, el cambio clim\u00e1tico se ha hecho m\u00e1s \u00abvisible\u00bb a trav\u00e9s de sucesivos a\u00f1os c\u00e1lidos,\n      el aumento del calor en los oc\u00e9anos y la mayor presi\u00f3n de los fen\u00f3menos extremos.\n    <\/p>\n\n    <ul>\n      <li>\n        <strong>Temperaturas r\u00e9cord:<\/strong> La Organizaci\u00f3n Meteorol\u00f3gica Mundial (OMM) confirma que el <strong>2024<\/strong>\n        fue el a\u00f1o m\u00e1s c\u00e1lido del registro moderno y cerca de <strong>1,55\u00b0C<\/strong> durante el periodo preindustrial (1850-1900).\n      <\/li>\n      <li>\n        <strong>El mar est\u00e1 subiendo:<\/strong> Las mediciones por sat\u00e9lite muestran un aumento continuo del nivel medio del mar\n        (1993-2024), cr\u00edtico para las zonas costeras.\n      <\/li>\n      <li>\n        <strong>Mediterr\u00e1neo:<\/strong> El Mediterr\u00e1neo se considera un \u00abpunto caliente\u00bb y la temperatura de la superficie del mar tiende al alza\n        en las \u00faltimas d\u00e9cadas.\n      <\/li>\n    <\/ul>\n  <\/section>\n\n  <figure>\n    <img decoding=\"async\" loading=\"lazy\"\n         src=\"https:\/\/svs.gsfc.nasa.gov\/vis\/a000000\/a005400\/a005450\/2024GISTEMPMap_2K.png\"\n         alt=\"Mapa de anomal\u00edas de temperatura global 1880-2024 (cuadro final 2024)\">\n    <figcaption>\n      <strong>Anomal\u00edas de la temperatura mundial (1880-2024).<\/strong> Encuadre final: 2024. Fuente\/Imagen: NASA SVS (GISTEMP).\n    <\/figcaption>\n  <\/figure>\n\n  <figure>\n    <img decoding=\"async\" loading=\"lazy\"\n         src=\"https:\/\/d2pn8kiwq2w21t.cloudfront.net\/original_images\/jpegPIA26189.jpg\"\n         alt=\"Registro por sat\u00e9lite de la subida del nivel del mar 1993-2024 (NASA\/JPL)\">\n    <figcaption>\n      <strong>Aumento del nivel del mar (1993-2024).<\/strong> Fuente\/Imagen: NASA\/JPL-Caltech.\n    <\/figcaption>\n  <\/figure>\n\n  <div class=\"divider\" role=\"separator\" aria-hidden=\"true\"><\/div>\n\n  <section class=\"card\" id=\"ellada\">\n    <h3>Lo que significa en la pr\u00e1ctica para Grecia<\/h3>\n    <p>\n      Grecia se ve afectada por las tendencias del resto del Mediterr\u00e1neo. A nivel pr\u00e1ctico, esto se traduce en:\n    <\/p>\n    <ul>\n      <li><strong>Causesons<\/strong> y aumento del estr\u00e9s t\u00e9rmico (especialmente en las zonas urbanas).<\/li>\n      <li><strong>Sequ\u00eda<\/strong> y la presi\u00f3n sobre los recursos h\u00eddricos, especialmente tras periodos secos prolongados.<\/li>\n      <li><strong>Incendios<\/strong>cuando se combinan calor + sequedad + viento, el riesgo aumenta.<\/li>\n      <li><strong>Fuertes lluvias\/inundaciones<\/strong> en algunos episodios, especialmente cuando se rompe la sequ\u00eda.<\/li>\n      <li><strong>Impactos costeros<\/strong> (erosi\u00f3n\/inundaci\u00f3n) a medida que sube el nivel del mar.<\/li>\n    <\/ul>\n\n    <div class=\"callout\">\n      <strong>El cambio clim\u00e1tico act\u00faa a menudo como un \u201cmultiplicador del riesgo\u201d:<\/strong>\n      no siempre \u00abcrea\u00bb un fen\u00f3meno de la nada, pero puede hacerlo m\u00e1s probable o m\u00e1s intenso.\n    <\/div>\n  <\/section>\n\n  <figure>\n    <img decoding=\"async\" loading=\"lazy\"\n         src=\"https:\/\/www.esa.int\/var\/esa\/storage\/images\/esa_multimedia\/images\/2023\/08\/wildfires_continue_to_rage_in_greece\/25057358-1-eng-GB\/Wildfires_continue_to_rage_in_Greece.jpg\"\n         alt=\"Copernicus Sentinel-2: incendio cerca de Alexandroupolis (Evros), agosto de 2023 (ESA)\">\n    <figcaption>\n      <strong>Ejemplo de Grecia (sat\u00e9lite).<\/strong> Copernicus Sentinel-2, incendio cerca de Alexandroupolis (Evros), agosto de 2023.\n      Fuente\/Imagen.\n    <\/figcaption>\n  <\/figure>\n\n  <div class=\"divider\" role=\"separator\" aria-hidden=\"true\"><\/div>\n\n  <section class=\"card\" aria-label=\"V\u00eddeo\">\n    <h3>V\u00eddeo (para una imagen r\u00e1pida)<\/h3>\n    <p class=\"mini\">\n      Si los v\u00eddeos no aparecen, es probable que algo est\u00e9 bloqueando los iframes (poco frecuente). En ese caso, utiliza los enlaces de los Recursos que aparecen a continuaci\u00f3n.\n    <\/p>\n\n    <div class=\"two\" style=\"margin-top:12px\">\n      <div>\n        <div class=\"video\">\n          <div class=\"ratio\">\n            <iframe\n              src=\"https:\/\/www.youtube-nocookie.com\/embed\/T9CeECpxtx8\"\n              title=\"IPCC - Cambio clim\u00e1tico 2023: Informe de s\u00edntesis (Trailer)\"\n              loading=\"lazy\"\n              allow=\"accelerometer; autoplay; clipboard-write; encrypted-media; gyroscope; picture-in-picture; web-share\"\n              allowfullscreen><\/iframe>\n          <\/div>\n        <\/div>\n        <p class=\"mini\"><strong>IPCC:<\/strong> Trailer del Informe de S\u00edntesis.<\/p>\n      <\/div>\n\n      <div>\n        <div class=\"video\">\n          <div class=\"ratio\">\n            <iframe\n              src=\"https:\/\/www.youtube-nocookie.com\/embed\/ApOt4agJVBM\"\n              title=\"OMM - Informe sobre el estado del clima mundial 2024 (v\u00eddeo)\"\n              loading=\"lazy\"\n              allow=\"accelerometer; autoplay; clipboard-write; encrypted-media; gyroscope; picture-in-picture; web-share\"\n              allowfullscreen><\/iframe>\n          <\/div>\n        <\/div>\n        <p class=\"mini\"><strong>OMM:<\/strong> Estado del clima mundial 2024 (v\u00eddeo).<\/p>\n      <\/div>\n    <\/div>\n\n    <div style=\"margin-top:14px\">\n      <div class=\"video\">\n        <div class=\"ratio\">\n          <iframe\n            src=\"https:\/\/www.youtube-nocookie.com\/embed\/FwjRTbNETZM\"\n            title=\"Copernicus - Hechos destacados sobre el clima mundial en 2024 (v\u00eddeo)\"\n            loading=\"lazy\"\n            allow=\"accelerometer; autoplay; clipboard-write; encrypted-media; gyroscope; picture-in-picture; web-share\"\n            allowfullscreen><\/iframe>\n        <\/div>\n      <\/div>\n      <p class=\"mini\"><strong>Cop\u00e9rnico (C3S\/ECMWF):<\/strong> Aspectos destacados del clima mundial en 2024.<\/p>\n    <\/div>\n  <\/section>\n\n  <div class=\"divider\" role=\"separator\" aria-hidden=\"true\"><\/div>\n\n  <section class=\"card\" id=\"praxeis\">\n    <h3>Lo que podemos hacer (en la pr\u00e1ctica)<\/h3>\n\n    <div class=\"two\" style=\"margin-top:10px\">\n      <div class=\"card\">\n        <h3 style=\"margin-top:0\">Mitigaci\u00f3n (reducci\u00f3n de causas)<\/h3>\n        <ul>\n          <li><strong>Ahorro de energ\u00eda<\/strong>aislamiento, electrodom\u00e9sticos eficientes, uso adecuado de la calefacci\u00f3n\/refrigeraci\u00f3n.<\/li>\n          <li><strong>Desplazamientos<\/strong>En la medida de lo posible, menos coche y m\u00e1s transporte p\u00fablico.<\/li>\n          <li><strong>Menos residuos<\/strong>Reparaciones, reutilizaci\u00f3n, gesti\u00f3n adecuada de residuos.<\/li>\n        <\/ul>\n      <\/div>\n\n      <div class=\"card\">\n        <h3 style=\"margin-top:0\">Adaptaci\u00f3n (reducci\u00f3n de riesgos)<\/h3>\n        <ul>\n          <li><strong>Tiempo caluroso<\/strong>: sombra, hidrataci\u00f3n, atenci\u00f3n a grupos vulnerables.<\/li>\n          <li><strong>Incendios<\/strong>Limpieza, informaci\u00f3n, plan de acci\u00f3n\/evacuaci\u00f3n en caso necesario.<\/li>\n          <li><strong>Inundaciones<\/strong>Evite cruzar carreteras inundadas y tenga cuidado con los arroyos y riachuelos.<\/li>\n        <\/ul>\n      <\/div>\n    <\/div>\n\n    <div class=\"callout\" style=\"margin-top:14px\">\n      <strong>Objetivo:<\/strong> informaci\u00f3n clara y movimientos tranquilos y \u00fatiles.\n      El conocimiento nos ayuda a reducir riesgos y a organizarnos mejor.\n    <\/div>\n  <\/section>\n\n  <section class=\"card\" id=\"piges\" style=\"margin-top:14px\">\n    <h3>Recursos \/ M\u00e1s lectura<\/h3>\n    <ul>\n      <li><a href=\"https:\/\/www.ipcc.ch\/report\/ar6\/syr\/\" target=\"_blank\" rel=\"noopener\">IPCC - Informe de s\u00edntesis AR6: Cambio clim\u00e1tico 2023<\/a><\/li>\n      <li><a href=\"https:\/\/wmo.int\/news\/media-centre\/wmo-confirms-2024-warmest-year-record-about-155degc-above-pre-industrial-level\" target=\"_blank\" rel=\"noopener\">OMM - Confirmaci\u00f3n: 2024 a\u00f1o m\u00e1s c\u00e1lido (~1,55\u00b0C por encima de 1850-1900)<\/a><\/li>\n      <li><a href=\"https:\/\/climate.copernicus.eu\/global-climate-highlights-2024\" target=\"_blank\" rel=\"noopener\">Copernicus - Hechos destacados sobre el clima mundial en 2024<\/a><\/li>\n      <li><a href=\"https:\/\/www.eea.europa.eu\/en\/analysis\/publications\/european-climate-risk-assessment\" target=\"_blank\" rel=\"noopener\">AEMA - Evaluaci\u00f3n Europea de Riesgos Clim\u00e1ticos (EUCRA)<\/a><\/li>\n      <li><a href=\"https:\/\/www.jpl.nasa.gov\/images\/pia26189-satellite-record-of-sea-level-rise-from-1993-to-2024\/\" target=\"_blank\" rel=\"noopener\">NASA\/JPL - Aumento del nivel del mar (1993-2024)<\/a><\/li>\n      <li><a href=\"https:\/\/marine.copernicus.eu\/access-data\/ocean-monitoring-indicators\/mediterranean-sea-surface-temperature-time-series-and-trend\" target=\"_blank\" rel=\"noopener\">Copernicus Marine - Series temporales y tendencias de la TSM en el Mediterr\u00e1neo<\/a><\/li>\n      <li><a href=\"https:\/\/www.medecc.org\/outputs\/mar1-mainresults\/\" target=\"_blank\" rel=\"noopener\">MedECC - 1er Informe de Evaluaci\u00f3n del Mediterr\u00e1neo (principales resultados)<\/a><\/li>\n      <li><a href=\"https:\/\/svs.gsfc.nasa.gov\/4962\/\" target=\"_blank\" rel=\"noopener\">NASA SVS - CO\u2082 (Curva de Keeling)<\/a><\/li>\n      <li><a href=\"https:\/\/svs.gsfc.nasa.gov\/5450\/\" target=\"_blank\" rel=\"noopener\">NASA SVS - Anomal\u00edas de temperatura global (1880-2024)<\/a><\/li>\n      <li><a href=\"https:\/\/www.esa.int\/ESA_Multimedia\/Images\/2023\/08\/Wildfires_continue_to_rage_in_Greece\" target=\"_blank\" rel=\"noopener\">ESA - Contin\u00faan los incendios forestales en Grecia (Sentinel-2)<\/a><\/li>\n    <\/ul>\n  <\/section>\n<\/div>","protected":false},"excerpt":{"rendered":"<p>meteopatras.eu \u2022 \u0395\u03bd\u03cc\u03c4\u03b7\u03c4\u03b1: \u039a\u03bb\u03af\u03bc\u03b1 (\u0395\u03bb\u03bb\u03ac\u03b4\u03b1) \u039a\u03bb\u03af\u03bc\u03b1 &amp; \u039a\u03bb\u03b9\u03bc\u03b1\u03c4\u03b9\u03ba\u03ae \u0391\u03bb\u03bb\u03b1\u03b3\u03ae \u03c3\u03c4\u03b7\u03bd \u0395\u03bb\u03bb\u03ac\u03b4\u03b1 \u03a4\u03bf \u03ba\u03bb\u03af\u03bc\u03b1 \u03b5\u03af\u03bd\u03b1\u03b9 \u03b7 \u00ab\u03bc\u03b1\u03ba\u03c1\u03bf\u03c7\u03c1\u03cc\u03bd\u03b9\u03b1 \u03b5\u03b9\u03ba\u03cc\u03bd\u03b1\u00bb \u03c4\u03bf\u03c5 \u03ba\u03b1\u03b9\u03c1\u03bf\u03cd (\u03c3\u03b5 \u03b2\u03ac\u03b8\u03bf\u03c2 \u03b4\u03b5\u03ba\u03b1\u03b5\u03c4\u03b9\u03ce\u03bd). \u0397 \u03ba\u03bb\u03b9\u03bc\u03b1\u03c4\u03b9\u03ba\u03ae \u03b1\u03bb\u03bb\u03b1\u03b3\u03ae \u03b5\u03af\u03bd\u03b1\u03b9 \u03b7 \u03c3\u03c4\u03b1\u03b4\u03b9\u03b1\u03ba\u03ae \u03bc\u03b5\u03c4\u03b1\u03b2\u03bf\u03bb\u03ae \u03b1\u03c5\u03c4\u03ae\u03c2 \u03c4\u03b7\u03c2 \u03b5\u03b9\u03ba\u03cc\u03bd\u03b1\u03c2. \u03a3\u03c4\u03b7\u03bd \u0395\u03bb\u03bb\u03ac\u03b4\u03b1 \u03ba\u03b1\u03b9 \u03b3\u03b5\u03bd\u03b9\u03ba\u03cc\u03c4\u03b5\u03c1\u03b1 \u03c3\u03c4\u03b7 \u039c\u03b5\u03c3\u03cc\u03b3\u03b5\u03b9\u03bf, \u03c4\u03b1 \u03b2\u03b1\u03c3\u03b9\u03ba\u03ac \u03b6\u03b7\u03c4\u03ae\u03bc\u03b1\u03c4\u03b1 \u03c0\u03bf\u03c5 \u03bc\u03b1\u03c2 \u03b1\u03c6\u03bf\u03c1\u03bf\u03cd\u03bd \u03b5\u03af\u03bd\u03b1\u03b9: \u03c0\u03b5\u03c1\u03b9\u03c3\u03c3\u03cc\u03c4\u03b5\u03c1\u03b7 \u03b6\u03ad\u03c3\u03c4\u03b7, \u03be\u03b7\u03c1\u03b1\u03c3\u03af\u03b1, \u03bc\u03b5\u03b3\u03b1\u03bb\u03cd\u03c4\u03b5\u03c1\u03bf\u03c2 \u03ba\u03af\u03bd\u03b4\u03c5\u03bd\u03bf\u03c2 \u03c0\u03c5\u03c1\u03ba\u03b1\u03b3\u03b9\u03ce\u03bd, \u03b1\u03bb\u03bb\u03ac \u03ba\u03b1\u03b9 \u03ad\u03bd\u03c4\u03bf\u03bd\u03b1 \u03b5\u03c0\u03b5\u03b9\u03c3\u03cc\u03b4\u03b9\u03b1 [&hellip;]<\/p>\n","protected":false},"author":1,"featured_media":0,"parent":0,"menu_order":0,"comment_status":"closed","ping_status":"closed","template":"","meta":{"footnotes":""},"class_list":["post-223","page","type-page","status-publish","hentry"],"_links":{"self":[{"href":"https:\/\/meteopatras.eu\/new\/es\/wp-json\/wp\/v2\/pages\/223","targetHints":{"allow":["GET"]}}],"collection":[{"href":"https:\/\/meteopatras.eu\/new\/es\/wp-json\/wp\/v2\/pages"}],"about":[{"href":"https:\/\/meteopatras.eu\/new\/es\/wp-json\/wp\/v2\/types\/page"}],"author":[{"embeddable":true,"href":"https:\/\/meteopatras.eu\/new\/es\/wp-json\/wp\/v2\/users\/1"}],"replies":[{"embeddable":true,"href":"https:\/\/meteopatras.eu\/new\/es\/wp-json\/wp\/v2\/comments?post=223"}],"version-history":[{"count":9,"href":"https:\/\/meteopatras.eu\/new\/es\/wp-json\/wp\/v2\/pages\/223\/revisions"}],"predecessor-version":[{"id":321,"href":"https:\/\/meteopatras.eu\/new\/es\/wp-json\/wp\/v2\/pages\/223\/revisions\/321"}],"wp:attachment":[{"href":"https:\/\/meteopatras.eu\/new\/es\/wp-json\/wp\/v2\/media?parent=223"}],"curies":[{"name":"wp","href":"https:\/\/api.w.org\/{rel}","templated":true}]}}