{"id":223,"date":"2026-01-10T09:58:47","date_gmt":"2026-01-10T07:58:47","guid":{"rendered":"https:\/\/meteopatras.eu\/new\/?page_id=223"},"modified":"2026-01-11T17:29:45","modified_gmt":"2026-01-11T15:29:45","slug":"klima","status":"publish","type":"page","link":"https:\/\/meteopatras.eu\/new\/de\/%ce%ba%ce%bb%ce%af%ce%bc%ce%b1\/","title":{"rendered":"Klima"},"content":{"rendered":"<div class=\"mp-climate\" id=\"mp-climate\">\n  <style>\n    \/* Scoped styles ONLY for this block *\/\n    .mp-climate{\n      max-width: var(--wp--style--global--content-size, 980px);\n      margin: 0 auto;\n      padding: var(--wp--preset--spacing--40, 18px);\n    }\n\n    .mp-climate :where(h2,h3){ scroll-margin-top: 90px; }\n    .mp-climate p{ margin: 0 0 14px; }\n    .mp-climate ul{ margin: 10px 0 14px 20px; }\n    .mp-climate li{ margin: 6px 0; }\n\n    \/* Soft cards that work in light\/dark (use currentColor mix when supported) *\/\n    .mp-climate .card{\n      border: 1px solid rgba(0,0,0,.12);\n      border-radius: 16px;\n      padding: 16px;\n      background: rgba(0,0,0,.02);\n    }\n    @supports (color: color-mix(in srgb, currentColor 50%, transparent)) {\n      .mp-climate .card{\n        border-color: color-mix(in srgb, currentColor 16%, transparent);\n        background: color-mix(in srgb, currentColor 4%, transparent);\n      }\n    }\n\n    .mp-climate .hero{\n      padding: 18px;\n      border-radius: 16px;\n      border: 1px solid rgba(0,0,0,.12);\n      background: rgba(0,0,0,.02);\n      margin-bottom: 14px;\n    }\n    @supports (color: color-mix(in srgb, currentColor 50%, transparent)) {\n      .mp-climate .hero{\n        border-color: color-mix(in srgb, currentColor 16%, transparent);\n        background: color-mix(in srgb, currentColor 4%, transparent);\n      }\n    }\n\n    .mp-climate .kicker{\n      font-size: 13px;\n      opacity: .75;\n      margin: 0 0 8px;\n    }\n\n    .mp-climate .grid{\n      display: grid;\n      grid-template-columns: 1.25fr .75fr;\n      gap: 14px;\n      margin: 14px 0;\n    }\n    @media (max-width: 860px){\n      .mp-climate .grid{ grid-template-columns: 1fr; }\n    }\n\n    .mp-climate .toc{\n      display: flex;\n      flex-wrap: wrap;\n      gap: 8px;\n      margin: 12px 0 0;\n    }\n    .mp-climate .toc a{\n      display: inline-block;\n      padding: 7px 12px;\n      border-radius: 999px;\n      text-decoration: none;\n      border: 1px solid rgba(0,0,0,.12);\n      background: rgba(255,255,255,.45);\n    }\n    @supports (color: color-mix(in srgb, currentColor 50%, transparent)) {\n      .mp-climate .toc a{\n        border-color: color-mix(in srgb, currentColor 16%, transparent);\n        background: color-mix(in srgb, currentColor 5%, transparent);\n      }\n      .mp-climate .toc a:hover{\n        background: color-mix(in srgb, currentColor 8%, transparent);\n      }\n    }\n\n    .mp-climate .callout{\n      border-left: 5px solid rgba(0,0,0,.45);\n      padding: 12px 14px;\n      border-radius: 12px;\n      background: rgba(0,0,0,.03);\n      margin: 14px 0;\n    }\n    @supports (color: color-mix(in srgb, currentColor 50%, transparent)) {\n      .mp-climate .callout{\n        border-left-color: color-mix(in srgb, currentColor 45%, transparent);\n        background: color-mix(in srgb, currentColor 4%, transparent);\n      }\n    }\n\n    .mp-climate figure{\n      margin: 14px 0;\n      border-radius: 16px;\n      overflow: hidden;\n      border: 1px solid rgba(0,0,0,.12);\n      background: rgba(0,0,0,.02);\n    }\n    @supports (color: color-mix(in srgb, currentColor 50%, transparent)) {\n      .mp-climate figure{\n        border-color: color-mix(in srgb, currentColor 16%, transparent);\n        background: color-mix(in srgb, currentColor 4%, transparent);\n      }\n    }\n    .mp-climate img{\n      display: block;\n      width: 100%;\n      height: auto;\n    }\n    .mp-climate figcaption{\n      font-size: 13px;\n      opacity: .85;\n      padding: 10px 12px;\n      background: rgba(0,0,0,.02);\n    }\n    @supports (color: color-mix(in srgb, currentColor 50%, transparent)) {\n      .mp-climate figcaption{\n        background: color-mix(in srgb, currentColor 3%, transparent);\n      }\n    }\n\n    .mp-climate .divider{\n      height: 1px;\n      background: rgba(0,0,0,.12);\n      margin: 18px 0;\n    }\n    @supports (color: color-mix(in srgb, currentColor 50%, transparent)) {\n      .mp-climate .divider{\n        background: color-mix(in srgb, currentColor 16%, transparent);\n      }\n    }\n\n    .mp-climate .two{\n      display: grid;\n      grid-template-columns: 1fr 1fr;\n      gap: 14px;\n    }\n    @media (max-width: 860px){\n      .mp-climate .two{ grid-template-columns: 1fr; }\n    }\n\n    .mp-climate .video{\n      border-radius: 16px;\n      overflow: hidden;\n      border: 1px solid rgba(0,0,0,.12);\n      background: #000;\n    }\n    .mp-climate .ratio{\n      position: relative;\n      width: 100%;\n      padding-top: 56.25%;\n    }\n    .mp-climate iframe{\n      position: absolute;\n      inset: 0;\n      width: 100%;\n      height: 100%;\n      border: 0;\n    }\n\n    .mp-climate .mini{\n      font-size: 13px;\n      opacity: .8;\n      margin-top: 8px;\n    }\n  <\/style>\n\n  <section class=\"hero\" aria-label=\"Einf\u00fchrung\">\n    <p class=\"kicker\">meteopatras.eu - Abschnitt: Klima (Griechenland)<\/p>\n    <h2>Klima und Klimawandel in Griechenland<\/h2>\n    <p>\n      Die <strong>Klima<\/strong> ist das \u00ablangfristige Bild\u00bb des Wetters (\u00fcber Jahrzehnte).\n      \u0397 <strong>Klimawandel<\/strong> ist die allm\u00e4hliche Ver\u00e4nderung dieses Bildes.\n      In Griechenland und im Mittelmeerraum im Allgemeinen sind die wichtigsten Themen, die uns besch\u00e4ftigen, folgende:\n      <strong>mehr W\u00e4rme<\/strong>, <strong>D\u00fcrre<\/strong>, <strong>gr\u00f6\u00dfere Brandgefahr<\/strong>,\n      sondern auch <strong>Starkregen\/\u00dcberschwemmungsepisoden<\/strong> in einigen F\u00e4llen.\n    <\/p>\n\n    <nav class=\"toc\" aria-label=\"Inhalt\">\n      <a href=\"#klima\">Was ist Klima<\/a>\n      <a href=\"#allagi\">Was ist Klimawandel?<\/a>\n      <a href=\"#20xronia\">Die letzten 20 Jahre<\/a>\n      <a href=\"#ellada\">Was dies f\u00fcr Griechenland bedeutet<\/a>\n      <a href=\"#praxeis\">Was wir tun k\u00f6nnen<\/a>\n      <a href=\"#piges\">Quellen<\/a>\n    <\/nav>\n  <\/section>\n\n  <div class=\"grid\">\n    <section class=\"card\" id=\"klima\">\n      <h3>Was ist \u00abKlima\u00bb?;<\/h3>\n      <p>\n        \u039f <strong>Wetter<\/strong> ist das, was wir heute\/morgen erleben (Regen, Wind, Temperatur).\n        Die <strong>Klima<\/strong> ist das \u00abMuster\u00bb des Wetters in <strong>Jahrzehnte<\/strong>:\n        Durchschnittswerte, Varianzen und Ausrei\u00dfer.\n      <\/p>\n\n      <div class=\"callout\">\n        <strong>Beispiel:<\/strong> eine Hitzewelle ist \u00abWetter\u00bb.\n        Aber wenn Hitzewellen zu <strong>am h\u00e4ufigsten<\/strong> \u03ae <strong>intensiver<\/strong> viele Jahre lang,\n        dann sprechen wir von einer Ver\u00e4nderung der <strong>Klima<\/strong>.\n      <\/div>\n\n      <p>Das Klima wird durch Indikatoren wie z. B.:<\/p>\n      <ul>\n        <li><strong>Temperatur<\/strong> (Durchschnittswerte, Maximum\/Minimum, Hitzewellen)<\/li>\n        <li><strong>Niederschlag<\/strong> (Mengen, Saisonalit\u00e4t, starke St\u00fcrme)<\/li>\n        <li><strong>D\u00fcrre<\/strong> (Dauer von Trockenperioden, Wasserressourcen)<\/li>\n        <li><strong>Temperatur des Meeres<\/strong> und <strong>Meeresspiegel<\/strong><\/li>\n      <\/ul>\n    <\/section>\n\n    <aside class=\"card\" id=\"allagi\">\n      <h3>Was ist \u00abKlimawandel\u00bb?;<\/h3>\n      <p>\n        Der moderne Klimawandel ist vor allem mit dem Anstieg der Zahl der <strong>Treibhausgase<\/strong>\n        (CO<sub>2<\/sub>, CH<sub>4<\/sub> usw.) durch menschliche Aktivit\u00e4ten, die den W\u00e4rmer\u00fcckhalt\n        im System Erde-Atmosph\u00e4re-Ozean.\n      <\/p>\n\n      <div class=\"callout\">\n        <strong>Anmerkungen:<\/strong> es gibt nat\u00fcrliche Schwankungen (z. B. El Ni\u00f1o\/La Ni\u00f1a),\n        aber die <strong>langfristiger Trend<\/strong> der Heizung bleibt.\n      <\/div>\n\n      <p class=\"mini\">\n        Die globale wissenschaftliche Zusammenfassung wird in den IPCC-Berichten statisch dargestellt.\n      <\/p>\n    <\/aside>\n  <\/div>\n\n  <figure>\n    <img decoding=\"async\" loading=\"lazy\"\n         src=\"https:\/\/svs.gsfc.nasa.gov\/vis\/a000000\/a004900\/a004962\/CO2_KeelingCurve_Dec2021_1920x1080.png\"\n         alt=\"Keeling-Kurve: CO2-Anstieg in der Atmosph\u00e4re (Mauna Loa, 1958-2021)\">\n    <figcaption>\n      <strong>CO\u2082 (Keeling-Kurve).<\/strong> Langfristiger Anstieg von CO\u2082 in der Atmosph\u00e4re. Quelle\/Bild.\n    <\/figcaption>\n  <\/figure>\n\n  <div class=\"divider\" role=\"separator\" aria-hidden=\"true\"><\/div>\n\n  <section class=\"card\" id=\"20xronia\">\n    <h3>Was sich in den letzten ~20 Jahren ge\u00e4ndert hat<\/h3>\n    <p>\n      In den letzten ~20 Jahren ist der Klimawandel durch aufeinanderfolgende warme Jahre \u00absichtbarer\u00bb geworden,\n      erh\u00f6hte W\u00e4rme in den Ozeanen und gr\u00f6\u00dferen Druck durch Extremereignisse.\n    <\/p>\n\n    <ul>\n      <li>\n        <strong>Rekordtemperaturen:<\/strong> Die Weltorganisation f\u00fcr Meteorologie (WMO) best\u00e4tigt, dass die <strong>2024<\/strong>\n        war das w\u00e4rmste Jahr in den modernen Aufzeichnungen und etwa <strong>1,55\u00b0C<\/strong> in der vorindustriellen Zeit (1850-1900).\n      <\/li>\n      <li>\n        <strong>Das Meer steigt:<\/strong> Satellitenmessungen zeigen kontinuierlichen Anstieg des mittleren Meeresspiegels\n        (1993-2024), der f\u00fcr die K\u00fcstengebiete kritisch ist.\n      <\/li>\n      <li>\n        <strong>Mittelmeerraum:<\/strong> Das Mittelmeer gilt als \u00abHotspot\u00bb, und die Meeresoberfl\u00e4chentemperatur ist in den letzten Jahrzehnten tendenziell gestiegen\n        in den letzten Jahrzehnten.\n      <\/li>\n    <\/ul>\n  <\/section>\n\n  <figure>\n    <img decoding=\"async\" loading=\"lazy\"\n         src=\"https:\/\/svs.gsfc.nasa.gov\/vis\/a000000\/a005400\/a005450\/2024GISTEMPMap_2K.png\"\n         alt=\"Karte der globalen Temperaturanomalien 1880-2024 (letztes Bild 2024)\">\n    <figcaption>\n      <strong>Globale Temperaturanomalien (1880-2024).<\/strong> Endg\u00fcltiges Bild: 2024. Quelle\/Bild: NASA SVS (GISTEMP).\n    <\/figcaption>\n  <\/figure>\n\n  <figure>\n    <img decoding=\"async\" loading=\"lazy\"\n         src=\"https:\/\/d2pn8kiwq2w21t.cloudfront.net\/original_images\/jpegPIA26189.jpg\"\n         alt=\"Satellitenaufzeichnung des Meeresspiegelanstiegs 1993-2024 (NASA\/JPL)\">\n    <figcaption>\n      <strong>Anstieg des Meeresspiegels (1993-2024).<\/strong> Quelle\/Bild: NASA\/JPL-Caltech.\n    <\/figcaption>\n  <\/figure>\n\n  <div class=\"divider\" role=\"separator\" aria-hidden=\"true\"><\/div>\n\n  <section class=\"card\" id=\"ellada\">\n    <h3>Was dies in der Praxis f\u00fcr Griechenland bedeutet<\/h3>\n    <p>\n      Griechenland wird von den Trends im weiteren Mittelmeerraum beeinflusst. Auf praktischer Ebene bedeutet das Folgendes:\n    <\/p>\n    <ul>\n      <li><strong>Causesons<\/strong> und erh\u00f6hter Hitzestress (insbesondere in st\u00e4dtischen Gebieten).<\/li>\n      <li><strong>D\u00fcrre<\/strong> und Druck auf die Wasserressourcen, insbesondere nach l\u00e4ngeren Trockenperioden.<\/li>\n      <li><strong>Br\u00e4nde<\/strong>Wenn Hitze, Trockenheit und Wind zusammenkommen, steigt das Risiko.<\/li>\n      <li><strong>Starke Regenf\u00e4lle\/\u00dcberschwemmungen<\/strong> in einigen Episoden, vor allem wenn die D\u00fcrre ausbricht.<\/li>\n      <li><strong>Auswirkungen auf die K\u00fcste<\/strong> (Erosion\/\u00dcberschwemmung) bei steigendem Meeresspiegel.<\/li>\n    <\/ul>\n\n    <div class=\"callout\">\n      <strong>Der Klimawandel wirkt oft wie ein \u201cRisikomultiplikator\u201d:<\/strong>\n      ein Ph\u00e4nomen nicht immer von Grund auf \u00aberschafft\u00bb, aber es kann es wahrscheinlicher oder intensiver machen.\n    <\/div>\n  <\/section>\n\n  <figure>\n    <img decoding=\"async\" loading=\"lazy\"\n         src=\"https:\/\/www.esa.int\/var\/esa\/storage\/images\/esa_multimedia\/images\/2023\/08\/wildfires_continue_to_rage_in_greece\/25057358-1-eng-GB\/Wildfires_continue_to_rage_in_Greece.jpg\"\n         alt=\"Copernicus Sentinel-2: Feuer bei Alexandroupolis (Evros), August 2023 (ESA)\">\n    <figcaption>\n      <strong>Beispiel aus Griechenland (Satellit).<\/strong> Copernicus Sentinel-2, Feuer bei Alexandroupolis (Evros), August 2023.\n      Quelle\/Bild.\n    <\/figcaption>\n  <\/figure>\n\n  <div class=\"divider\" role=\"separator\" aria-hidden=\"true\"><\/div>\n\n  <section class=\"card\" aria-label=\"Video\">\n    <h3>Video (f\u00fcr ein schnelles Bild)<\/h3>\n    <p class=\"mini\">\n      Wenn die Videos nicht angezeigt werden, blockiert wahrscheinlich etwas die iframes (selten). Verwenden Sie in diesem Fall die Links in den unten stehenden Ressourcen.\n    <\/p>\n\n    <div class=\"two\" style=\"margin-top:12px\">\n      <div>\n        <div class=\"video\">\n          <div class=\"ratio\">\n            <iframe\n              src=\"https:\/\/www.youtube-nocookie.com\/embed\/T9CeECpxtx8\"\n              title=\"IPCC - Klimawandel 2023: Synthesebericht (Trailer)\"\n              loading=\"lazy\"\n              allow=\"accelerometer; autoplay; clipboard-write; encrypted-media; gyroscope; picture-in-picture; web-share\"\n              allowfullscreen><\/iframe>\n          <\/div>\n        <\/div>\n        <p class=\"mini\"><strong>IPCC:<\/strong> Trailer f\u00fcr den Synthesebericht.<\/p>\n      <\/div>\n\n      <div>\n        <div class=\"video\">\n          <div class=\"ratio\">\n            <iframe\n              src=\"https:\/\/www.youtube-nocookie.com\/embed\/ApOt4agJVBM\"\n              title=\"WMO - Bericht \u00fcber den Zustand des Weltklimas 2024 (Video)\"\n              loading=\"lazy\"\n              allow=\"accelerometer; autoplay; clipboard-write; encrypted-media; gyroscope; picture-in-picture; web-share\"\n              allowfullscreen><\/iframe>\n          <\/div>\n        <\/div>\n        <p class=\"mini\"><strong>WMO:<\/strong> Zustand des Weltklimas 2024 (Video).<\/p>\n      <\/div>\n    <\/div>\n\n    <div style=\"margin-top:14px\">\n      <div class=\"video\">\n        <div class=\"ratio\">\n          <iframe\n            src=\"https:\/\/www.youtube-nocookie.com\/embed\/FwjRTbNETZM\"\n            title=\"Kopernikus - Globale Klima-Highlights 2024 (Video)\"\n            loading=\"lazy\"\n            allow=\"accelerometer; autoplay; clipboard-write; encrypted-media; gyroscope; picture-in-picture; web-share\"\n            allowfullscreen><\/iframe>\n        <\/div>\n      <\/div>\n      <p class=\"mini\"><strong>Kopernikus (C3S\/ECMWF):<\/strong> Globale Klima-Highlights 2024.<\/p>\n    <\/div>\n  <\/section>\n\n  <div class=\"divider\" role=\"separator\" aria-hidden=\"true\"><\/div>\n\n  <section class=\"card\" id=\"praxeis\">\n    <h3>Was wir (praktisch) tun k\u00f6nnen<\/h3>\n\n    <div class=\"two\" style=\"margin-top:10px\">\n      <div class=\"card\">\n        <h3 style=\"margin-top:0\">Milderung (Reduzierung der Ursachen)<\/h3>\n        <ul>\n          <li><strong>Energieeinsparung<\/strong>Isolierung, effiziente Ger\u00e4te, richtige Nutzung von Heizung\/K\u00fchlung.<\/li>\n          <li><strong>Umziehen<\/strong>Wo m\u00f6glich, weniger Auto, mehr \u00f6ffentliche Verkehrsmittel.<\/li>\n          <li><strong>Weniger Abfall<\/strong>Reparaturen, Wiederverwendung, ordnungsgem\u00e4\u00dfe Abfallentsorgung.<\/li>\n        <\/ul>\n      <\/div>\n\n      <div class=\"card\">\n        <h3 style=\"margin-top:0\">Anpassung (Risikominderung)<\/h3>\n        <ul>\n          <li><strong>Hei\u00dfes Wetter<\/strong>Schatten, Fl\u00fcssigkeitszufuhr, Betreuung von gef\u00e4hrdeten Gruppen.<\/li>\n          <li><strong>Br\u00e4nde<\/strong>Aufr\u00e4umarbeiten, Informationen, Aktions-\/Evakuierungsplan, falls erforderlich.<\/li>\n          <li><strong>\u00dcberschwemmungen<\/strong>: Vermeiden Sie es, \u00fcberschwemmte Stra\u00dfen zu \u00fcberqueren, seien Sie vorsichtig in B\u00e4chen und Fl\u00fcssen.<\/li>\n        <\/ul>\n      <\/div>\n    <\/div>\n\n    <div class=\"callout\" style=\"margin-top:14px\">\n      <strong>Zielsetzung:<\/strong> klare Informationen und ruhige, hilfreiche Bewegungen.\n      Wissen hilft uns, Risiken zu verringern und uns besser zu organisieren.\n    <\/div>\n  <\/section>\n\n  <section class=\"card\" id=\"piges\" style=\"margin-top:14px\">\n    <h3>Ressourcen \/ Weitere Lekt\u00fcre<\/h3>\n    <ul>\n      <li><a href=\"https:\/\/www.ipcc.ch\/report\/ar6\/syr\/\" target=\"_blank\" rel=\"noopener\">IPCC - AR6 Synthesebericht: Klimawandel 2023<\/a><\/li>\n      <li><a href=\"https:\/\/wmo.int\/news\/media-centre\/wmo-confirms-2024-warmest-year-record-about-155degc-above-pre-industrial-level\" target=\"_blank\" rel=\"noopener\">WMO - Best\u00e4tigung: 2024 w\u00e4rmstes Jahr (~1,55\u00b0C \u00fcber 1850-1900)<\/a><\/li>\n      <li><a href=\"https:\/\/climate.copernicus.eu\/global-climate-highlights-2024\" target=\"_blank\" rel=\"noopener\">Copernicus - Globale Klima-Highlights 2024<\/a><\/li>\n      <li><a href=\"https:\/\/www.eea.europa.eu\/en\/analysis\/publications\/european-climate-risk-assessment\" target=\"_blank\" rel=\"noopener\">EUA - Europ\u00e4ische Klimarisikobewertung (EUCRA)<\/a><\/li>\n      <li><a href=\"https:\/\/www.jpl.nasa.gov\/images\/pia26189-satellite-record-of-sea-level-rise-from-1993-to-2024\/\" target=\"_blank\" rel=\"noopener\">NASA\/JPL - Meeresspiegelanstieg (1993-2024)<\/a><\/li>\n      <li><a href=\"https:\/\/marine.copernicus.eu\/access-data\/ocean-monitoring-indicators\/mediterranean-sea-surface-temperature-time-series-and-trend\" target=\"_blank\" rel=\"noopener\">Copernicus Marine - SST-Zeitreihe und Trend f\u00fcr das Mittelmeer<\/a><\/li>\n      <li><a href=\"https:\/\/www.medecc.org\/outputs\/mar1-mainresults\/\" target=\"_blank\" rel=\"noopener\">MedECC - 1. Bewertungsbericht f\u00fcr den Mittelmeerraum (Hauptergebnisse)<\/a><\/li>\n      <li><a href=\"https:\/\/svs.gsfc.nasa.gov\/4962\/\" target=\"_blank\" rel=\"noopener\">NASA SVS - CO\u2082 (Keeling-Kurve)<\/a><\/li>\n      <li><a href=\"https:\/\/svs.gsfc.nasa.gov\/5450\/\" target=\"_blank\" rel=\"noopener\">NASA SVS - Globale Temperaturanomalien (1880-2024)<\/a><\/li>\n      <li><a href=\"https:\/\/www.esa.int\/ESA_Multimedia\/Images\/2023\/08\/Wildfires_continue_to_rage_in_Greece\" target=\"_blank\" rel=\"noopener\">ESA - Die Waldbr\u00e4nde in Griechenland w\u00fcten weiter (Sentinel-2)<\/a><\/li>\n    <\/ul>\n  <\/section>\n<\/div>","protected":false},"excerpt":{"rendered":"<p>meteopatras.eu \u2022 \u0395\u03bd\u03cc\u03c4\u03b7\u03c4\u03b1: \u039a\u03bb\u03af\u03bc\u03b1 (\u0395\u03bb\u03bb\u03ac\u03b4\u03b1) \u039a\u03bb\u03af\u03bc\u03b1 &amp; \u039a\u03bb\u03b9\u03bc\u03b1\u03c4\u03b9\u03ba\u03ae \u0391\u03bb\u03bb\u03b1\u03b3\u03ae \u03c3\u03c4\u03b7\u03bd \u0395\u03bb\u03bb\u03ac\u03b4\u03b1 \u03a4\u03bf \u03ba\u03bb\u03af\u03bc\u03b1 \u03b5\u03af\u03bd\u03b1\u03b9 \u03b7 \u00ab\u03bc\u03b1\u03ba\u03c1\u03bf\u03c7\u03c1\u03cc\u03bd\u03b9\u03b1 \u03b5\u03b9\u03ba\u03cc\u03bd\u03b1\u00bb \u03c4\u03bf\u03c5 \u03ba\u03b1\u03b9\u03c1\u03bf\u03cd (\u03c3\u03b5 \u03b2\u03ac\u03b8\u03bf\u03c2 \u03b4\u03b5\u03ba\u03b1\u03b5\u03c4\u03b9\u03ce\u03bd). \u0397 \u03ba\u03bb\u03b9\u03bc\u03b1\u03c4\u03b9\u03ba\u03ae \u03b1\u03bb\u03bb\u03b1\u03b3\u03ae \u03b5\u03af\u03bd\u03b1\u03b9 \u03b7 \u03c3\u03c4\u03b1\u03b4\u03b9\u03b1\u03ba\u03ae \u03bc\u03b5\u03c4\u03b1\u03b2\u03bf\u03bb\u03ae \u03b1\u03c5\u03c4\u03ae\u03c2 \u03c4\u03b7\u03c2 \u03b5\u03b9\u03ba\u03cc\u03bd\u03b1\u03c2. \u03a3\u03c4\u03b7\u03bd \u0395\u03bb\u03bb\u03ac\u03b4\u03b1 \u03ba\u03b1\u03b9 \u03b3\u03b5\u03bd\u03b9\u03ba\u03cc\u03c4\u03b5\u03c1\u03b1 \u03c3\u03c4\u03b7 \u039c\u03b5\u03c3\u03cc\u03b3\u03b5\u03b9\u03bf, \u03c4\u03b1 \u03b2\u03b1\u03c3\u03b9\u03ba\u03ac \u03b6\u03b7\u03c4\u03ae\u03bc\u03b1\u03c4\u03b1 \u03c0\u03bf\u03c5 \u03bc\u03b1\u03c2 \u03b1\u03c6\u03bf\u03c1\u03bf\u03cd\u03bd \u03b5\u03af\u03bd\u03b1\u03b9: \u03c0\u03b5\u03c1\u03b9\u03c3\u03c3\u03cc\u03c4\u03b5\u03c1\u03b7 \u03b6\u03ad\u03c3\u03c4\u03b7, \u03be\u03b7\u03c1\u03b1\u03c3\u03af\u03b1, \u03bc\u03b5\u03b3\u03b1\u03bb\u03cd\u03c4\u03b5\u03c1\u03bf\u03c2 \u03ba\u03af\u03bd\u03b4\u03c5\u03bd\u03bf\u03c2 \u03c0\u03c5\u03c1\u03ba\u03b1\u03b3\u03b9\u03ce\u03bd, \u03b1\u03bb\u03bb\u03ac \u03ba\u03b1\u03b9 \u03ad\u03bd\u03c4\u03bf\u03bd\u03b1 \u03b5\u03c0\u03b5\u03b9\u03c3\u03cc\u03b4\u03b9\u03b1 [&hellip;]<\/p>\n","protected":false},"author":1,"featured_media":0,"parent":0,"menu_order":0,"comment_status":"closed","ping_status":"closed","template":"","meta":{"footnotes":""},"class_list":["post-223","page","type-page","status-publish","hentry"],"_links":{"self":[{"href":"https:\/\/meteopatras.eu\/new\/de\/wp-json\/wp\/v2\/pages\/223","targetHints":{"allow":["GET"]}}],"collection":[{"href":"https:\/\/meteopatras.eu\/new\/de\/wp-json\/wp\/v2\/pages"}],"about":[{"href":"https:\/\/meteopatras.eu\/new\/de\/wp-json\/wp\/v2\/types\/page"}],"author":[{"embeddable":true,"href":"https:\/\/meteopatras.eu\/new\/de\/wp-json\/wp\/v2\/users\/1"}],"replies":[{"embeddable":true,"href":"https:\/\/meteopatras.eu\/new\/de\/wp-json\/wp\/v2\/comments?post=223"}],"version-history":[{"count":9,"href":"https:\/\/meteopatras.eu\/new\/de\/wp-json\/wp\/v2\/pages\/223\/revisions"}],"predecessor-version":[{"id":321,"href":"https:\/\/meteopatras.eu\/new\/de\/wp-json\/wp\/v2\/pages\/223\/revisions\/321"}],"wp:attachment":[{"href":"https:\/\/meteopatras.eu\/new\/de\/wp-json\/wp\/v2\/media?parent=223"}],"curies":[{"name":"wp","href":"https:\/\/api.w.org\/{rel}","templated":true}]}}